{"id":2,"date":"2020-04-22T19:20:09","date_gmt":"2020-04-22T17:20:09","guid":{"rendered":"http:\/\/wordpress.example\/?page_id=2"},"modified":"2026-03-03T23:50:53","modified_gmt":"2026-03-03T22:50:53","slug":"biografia","status":"publish","type":"page","link":"https:\/\/krzysztofnapiorkowski.pl\/en\/biografia\/","title":{"rendered":"About Krzysztof Napi\u00f3rkowski"},"content":{"rendered":"\n<div class=\"wp-block-columns is-layout-flex wp-container-core-columns-is-layout-9d6595d7 wp-block-columns-is-layout-flex\">\n<div class=\"wp-block-column is-layout-flow wp-block-column-is-layout-flow\">\n<figure class=\"wp-block-image size-full\"><img loading=\"lazy\" decoding=\"async\" width=\"512\" height=\"512\" src=\"https:\/\/krzysztofnapiorkowski.pl\/wp-content\/uploads\/2022\/06\/cropped-cropped-cropped-Napiorkowski-fotr-Zuza-Krajewska-scaled-1-edited.jpg\" alt=\"\" class=\"wp-image-2576\" srcset=\"https:\/\/krzysztofnapiorkowski.pl\/wp-content\/uploads\/2022\/06\/cropped-cropped-cropped-Napiorkowski-fotr-Zuza-Krajewska-scaled-1-edited.jpg 512w, https:\/\/krzysztofnapiorkowski.pl\/wp-content\/uploads\/2022\/06\/cropped-cropped-cropped-Napiorkowski-fotr-Zuza-Krajewska-scaled-1-edited-300x300.jpg 300w, https:\/\/krzysztofnapiorkowski.pl\/wp-content\/uploads\/2022\/06\/cropped-cropped-cropped-Napiorkowski-fotr-Zuza-Krajewska-scaled-1-edited-150x150.jpg 150w, https:\/\/krzysztofnapiorkowski.pl\/wp-content\/uploads\/2022\/06\/cropped-cropped-cropped-Napiorkowski-fotr-Zuza-Krajewska-scaled-1-edited-75x75.jpg 75w, https:\/\/krzysztofnapiorkowski.pl\/wp-content\/uploads\/2022\/06\/cropped-cropped-cropped-Napiorkowski-fotr-Zuza-Krajewska-scaled-1-edited-270x270.jpg 270w, https:\/\/krzysztofnapiorkowski.pl\/wp-content\/uploads\/2022\/06\/cropped-cropped-cropped-Napiorkowski-fotr-Zuza-Krajewska-scaled-1-edited-192x192.jpg 192w, https:\/\/krzysztofnapiorkowski.pl\/wp-content\/uploads\/2022\/06\/cropped-cropped-cropped-Napiorkowski-fotr-Zuza-Krajewska-scaled-1-edited-180x180.jpg 180w, https:\/\/krzysztofnapiorkowski.pl\/wp-content\/uploads\/2022\/06\/cropped-cropped-cropped-Napiorkowski-fotr-Zuza-Krajewska-scaled-1-edited-32x32.jpg 32w\" sizes=\"auto, (max-width: 512px) 100vw, 512px\" \/><\/figure>\n<\/div>\n\n\n\n<div class=\"wp-block-column is-layout-flow wp-block-column-is-layout-flow\">\n<h2 class=\"wp-block-heading\">Singer, composer, pianist, organist, guitar player, songwriter, producer.<\/h2>\n\n\n\n<p>As a student, <strong>Krzysztof Napi\u00f3rkowski<\/strong> has received numerous awards in the biggest student festivals in Poland. In 2019 he was nominated for his solo album: \u201c<strong>Semi electric<\/strong>\u201d to the \u201c<strong>Fryderyk<\/strong>\u201d music award (compared to to the American Grammy and the UK\u2019s BRIT Award).&nbsp; <br>Krzysztof has colaborated with many recognised musicians including <strong>Anna Jurksztowicz, Anna Maria Jopek, Dorota Mi\u015bkiewicz, Monika Lidke, Grzegorz Turnau, Wojciech Majewski, Micha\u0142 Jurkiewicz, Marek Napi\u00f3rkowski and Adam Strug.<\/strong><\/p>\n\n\n\n<p>For 15 years Krzysztof performs and records in his native Poland and abroad. He has participated in numerous projects involving excellent musicians, hundreds of concerts, tv and radio shows and guested as co- author, singer and instrumentalist in many records.<\/p>\n<\/div>\n<\/div>\n\n\n\n<div class=\"wp-block-columns is-layout-flex wp-container-core-columns-is-layout-9d6595d7 wp-block-columns-is-layout-flex\">\n<div class=\"wp-block-column is-layout-flow wp-block-column-is-layout-flow\">\n<h2 class=\"wp-block-heading has-text-align-center\">Solo discography<\/h2>\n\n\n\n<p class=\"has-text-align-center\">Krzysztof Napi\u00f3rkowski has released 8 solo albums.<br><strong>CV (2022)<\/strong>, <br><strong>Napi\u00f3rkowski \/ Mickiewicz Sonety Krymskie<\/strong>\u00a0(2020),\u00a0<br><strong>Semi electric<\/strong>\u00a0(2018),\u00a0<br><strong>10 X Twardowski<\/strong>\u00a0(2016),\u00a0<br><strong>Ziemie obiecane<\/strong>\u00a0(2014),\u00a0<br><strong>Drugi oddech<\/strong>\u00a0(2012)\u00a0<br><strong>Introspekcja<\/strong>\u00a0(2008),\u00a0<br><strong>Granie Herberta<\/strong>\u00a0(2008).<\/p>\n\n\n\n<p class=\"has-text-align-center\"><br>His music has recently been featured on networks, in popular radio and tv shows (i.a. \u201c<strong>Prawo Agaty<\/strong>\u201d) or movie (\u201c<strong>Prezent<\/strong>\u201d by <strong>Dominika D\u0142ugo\u0142\u0119cka<\/strong>).\u00a0<\/p>\n\n\n\n<figure class=\"wp-block-gallery has-nested-images columns-4 is-cropped wp-block-gallery-1 is-layout-flex wp-block-gallery-is-layout-flex\">\n<figure class=\"wp-block-image size-large\"><img loading=\"lazy\" decoding=\"async\" width=\"1642\" height=\"1465\" data-id=\"1084\" src=\"https:\/\/krzysztofnapiorkowski.pl\/wp-content\/uploads\/2022\/02\/KrzysztofNapiorkowski_CV-2022-s20220102-_cover-_rgb.jpg\" alt=\"\" class=\"wp-image-1084\" srcset=\"https:\/\/krzysztofnapiorkowski.pl\/wp-content\/uploads\/2022\/02\/KrzysztofNapiorkowski_CV-2022-s20220102-_cover-_rgb.jpg 1642w, https:\/\/krzysztofnapiorkowski.pl\/wp-content\/uploads\/2022\/02\/KrzysztofNapiorkowski_CV-2022-s20220102-_cover-_rgb-300x268.jpg 300w, https:\/\/krzysztofnapiorkowski.pl\/wp-content\/uploads\/2022\/02\/KrzysztofNapiorkowski_CV-2022-s20220102-_cover-_rgb-768x685.jpg 768w, https:\/\/krzysztofnapiorkowski.pl\/wp-content\/uploads\/2022\/02\/KrzysztofNapiorkowski_CV-2022-s20220102-_cover-_rgb-1024x914.jpg 1024w, https:\/\/krzysztofnapiorkowski.pl\/wp-content\/uploads\/2022\/02\/KrzysztofNapiorkowski_CV-2022-s20220102-_cover-_rgb-1536x1370.jpg 1536w, https:\/\/krzysztofnapiorkowski.pl\/wp-content\/uploads\/2022\/02\/KrzysztofNapiorkowski_CV-2022-s20220102-_cover-_rgb-1140x1017.jpg 1140w\" sizes=\"auto, (max-width: 1642px) 100vw, 1642px\" \/><\/figure>\n\n\n\n<figure class=\"wp-block-image size-large\"><img loading=\"lazy\" decoding=\"async\" width=\"624\" height=\"624\" data-id=\"354\" src=\"https:\/\/krzysztofnapiorkowski.pl\/wp-content\/uploads\/2020\/06\/okladka.png\" alt=\"\" class=\"wp-image-354\" srcset=\"https:\/\/krzysztofnapiorkowski.pl\/wp-content\/uploads\/2020\/06\/okladka.png 624w, https:\/\/krzysztofnapiorkowski.pl\/wp-content\/uploads\/2020\/06\/okladka-150x150.png 150w, https:\/\/krzysztofnapiorkowski.pl\/wp-content\/uploads\/2020\/06\/okladka-300x300.png 300w, https:\/\/krzysztofnapiorkowski.pl\/wp-content\/uploads\/2020\/06\/okladka-500x500.png 500w, https:\/\/krzysztofnapiorkowski.pl\/wp-content\/uploads\/2020\/06\/okladka-75x75.png 75w\" sizes=\"auto, (max-width: 624px) 100vw, 624px\" \/><\/figure>\n\n\n\n<figure class=\"wp-block-image size-large\"><img loading=\"lazy\" decoding=\"async\" width=\"900\" height=\"900\" data-id=\"246\" src=\"https:\/\/krzysztofnapiorkowski.pl\/wp-content\/uploads\/2020\/05\/semielectric.png\" alt=\"\" class=\"wp-image-246\" srcset=\"https:\/\/krzysztofnapiorkowski.pl\/wp-content\/uploads\/2020\/05\/semielectric.png 900w, https:\/\/krzysztofnapiorkowski.pl\/wp-content\/uploads\/2020\/05\/semielectric-150x150.png 150w, https:\/\/krzysztofnapiorkowski.pl\/wp-content\/uploads\/2020\/05\/semielectric-300x300.png 300w, https:\/\/krzysztofnapiorkowski.pl\/wp-content\/uploads\/2020\/05\/semielectric-768x768.png 768w, https:\/\/krzysztofnapiorkowski.pl\/wp-content\/uploads\/2020\/05\/semielectric-500x500.png 500w, https:\/\/krzysztofnapiorkowski.pl\/wp-content\/uploads\/2020\/05\/semielectric-75x75.png 75w\" sizes=\"auto, (max-width: 900px) 100vw, 900px\" \/><\/figure>\n\n\n\n<figure class=\"wp-block-image size-large\"><img loading=\"lazy\" decoding=\"async\" width=\"1920\" height=\"1713\" data-id=\"242\" src=\"https:\/\/krzysztofnapiorkowski.pl\/wp-content\/uploads\/2020\/05\/twardowski-okladka.jpg\" alt=\"\" class=\"wp-image-242\" srcset=\"https:\/\/krzysztofnapiorkowski.pl\/wp-content\/uploads\/2020\/05\/twardowski-okladka.jpg 1920w, https:\/\/krzysztofnapiorkowski.pl\/wp-content\/uploads\/2020\/05\/twardowski-okladka-300x268.jpg 300w, https:\/\/krzysztofnapiorkowski.pl\/wp-content\/uploads\/2020\/05\/twardowski-okladka-768x685.jpg 768w, https:\/\/krzysztofnapiorkowski.pl\/wp-content\/uploads\/2020\/05\/twardowski-okladka-1024x914.jpg 1024w, https:\/\/krzysztofnapiorkowski.pl\/wp-content\/uploads\/2020\/05\/twardowski-okladka-1536x1370.jpg 1536w, https:\/\/krzysztofnapiorkowski.pl\/wp-content\/uploads\/2020\/05\/twardowski-okladka-1140x1017.jpg 1140w\" sizes=\"auto, (max-width: 1920px) 100vw, 1920px\" \/><\/figure>\n\n\n\n<figure class=\"wp-block-image size-large\"><img loading=\"lazy\" decoding=\"async\" width=\"1920\" height=\"1920\" data-id=\"231\" src=\"https:\/\/krzysztofnapiorkowski.pl\/wp-content\/uploads\/2020\/05\/krzysztof-napiorkowski-ziemie-obiecane.jpg\" alt=\"\" class=\"wp-image-231\" srcset=\"https:\/\/krzysztofnapiorkowski.pl\/wp-content\/uploads\/2020\/05\/krzysztof-napiorkowski-ziemie-obiecane.jpg 1920w, https:\/\/krzysztofnapiorkowski.pl\/wp-content\/uploads\/2020\/05\/krzysztof-napiorkowski-ziemie-obiecane-150x150.jpg 150w, https:\/\/krzysztofnapiorkowski.pl\/wp-content\/uploads\/2020\/05\/krzysztof-napiorkowski-ziemie-obiecane-300x300.jpg 300w, https:\/\/krzysztofnapiorkowski.pl\/wp-content\/uploads\/2020\/05\/krzysztof-napiorkowski-ziemie-obiecane-768x768.jpg 768w, https:\/\/krzysztofnapiorkowski.pl\/wp-content\/uploads\/2020\/05\/krzysztof-napiorkowski-ziemie-obiecane-1024x1024.jpg 1024w, https:\/\/krzysztofnapiorkowski.pl\/wp-content\/uploads\/2020\/05\/krzysztof-napiorkowski-ziemie-obiecane-1536x1536.jpg 1536w, https:\/\/krzysztofnapiorkowski.pl\/wp-content\/uploads\/2020\/05\/krzysztof-napiorkowski-ziemie-obiecane-500x500.jpg 500w, https:\/\/krzysztofnapiorkowski.pl\/wp-content\/uploads\/2020\/05\/krzysztof-napiorkowski-ziemie-obiecane-1140x1140.jpg 1140w, https:\/\/krzysztofnapiorkowski.pl\/wp-content\/uploads\/2020\/05\/krzysztof-napiorkowski-ziemie-obiecane-75x75.jpg 75w\" sizes=\"auto, (max-width: 1920px) 100vw, 1920px\" \/><\/figure>\n\n\n\n<figure class=\"wp-block-image size-large\"><img loading=\"lazy\" decoding=\"async\" width=\"1920\" height=\"1920\" data-id=\"247\" src=\"https:\/\/krzysztofnapiorkowski.pl\/wp-content\/uploads\/2020\/05\/krzysztof-napiorkowski-drugi-oddech.jpg\" alt=\"\" class=\"wp-image-247\" srcset=\"https:\/\/krzysztofnapiorkowski.pl\/wp-content\/uploads\/2020\/05\/krzysztof-napiorkowski-drugi-oddech.jpg 1920w, https:\/\/krzysztofnapiorkowski.pl\/wp-content\/uploads\/2020\/05\/krzysztof-napiorkowski-drugi-oddech-150x150.jpg 150w, https:\/\/krzysztofnapiorkowski.pl\/wp-content\/uploads\/2020\/05\/krzysztof-napiorkowski-drugi-oddech-300x300.jpg 300w, https:\/\/krzysztofnapiorkowski.pl\/wp-content\/uploads\/2020\/05\/krzysztof-napiorkowski-drugi-oddech-768x768.jpg 768w, https:\/\/krzysztofnapiorkowski.pl\/wp-content\/uploads\/2020\/05\/krzysztof-napiorkowski-drugi-oddech-1024x1024.jpg 1024w, https:\/\/krzysztofnapiorkowski.pl\/wp-content\/uploads\/2020\/05\/krzysztof-napiorkowski-drugi-oddech-1536x1536.jpg 1536w, https:\/\/krzysztofnapiorkowski.pl\/wp-content\/uploads\/2020\/05\/krzysztof-napiorkowski-drugi-oddech-500x500.jpg 500w, https:\/\/krzysztofnapiorkowski.pl\/wp-content\/uploads\/2020\/05\/krzysztof-napiorkowski-drugi-oddech-1140x1140.jpg 1140w, https:\/\/krzysztofnapiorkowski.pl\/wp-content\/uploads\/2020\/05\/krzysztof-napiorkowski-drugi-oddech-75x75.jpg 75w\" sizes=\"auto, (max-width: 1920px) 100vw, 1920px\" \/><\/figure>\n\n\n\n<figure class=\"wp-block-image size-large\"><img loading=\"lazy\" decoding=\"async\" width=\"1920\" height=\"1920\" data-id=\"604\" src=\"https:\/\/krzysztofnapiorkowski.pl\/wp-content\/uploads\/2021\/05\/krzysztof-napiorkowski-introspekcja.jpg\" alt=\"\" class=\"wp-image-604\" srcset=\"https:\/\/krzysztofnapiorkowski.pl\/wp-content\/uploads\/2021\/05\/krzysztof-napiorkowski-introspekcja.jpg 1920w, https:\/\/krzysztofnapiorkowski.pl\/wp-content\/uploads\/2021\/05\/krzysztof-napiorkowski-introspekcja-150x150.jpg 150w, https:\/\/krzysztofnapiorkowski.pl\/wp-content\/uploads\/2021\/05\/krzysztof-napiorkowski-introspekcja-300x300.jpg 300w, https:\/\/krzysztofnapiorkowski.pl\/wp-content\/uploads\/2021\/05\/krzysztof-napiorkowski-introspekcja-768x768.jpg 768w, https:\/\/krzysztofnapiorkowski.pl\/wp-content\/uploads\/2021\/05\/krzysztof-napiorkowski-introspekcja-1024x1024.jpg 1024w, https:\/\/krzysztofnapiorkowski.pl\/wp-content\/uploads\/2021\/05\/krzysztof-napiorkowski-introspekcja-1536x1536.jpg 1536w, https:\/\/krzysztofnapiorkowski.pl\/wp-content\/uploads\/2021\/05\/krzysztof-napiorkowski-introspekcja-500x500.jpg 500w, https:\/\/krzysztofnapiorkowski.pl\/wp-content\/uploads\/2021\/05\/krzysztof-napiorkowski-introspekcja-1140x1140.jpg 1140w, https:\/\/krzysztofnapiorkowski.pl\/wp-content\/uploads\/2021\/05\/krzysztof-napiorkowski-introspekcja-75x75.jpg 75w\" sizes=\"auto, (max-width: 1920px) 100vw, 1920px\" \/><\/figure>\n\n\n\n<figure class=\"wp-block-image size-large\"><img loading=\"lazy\" decoding=\"async\" width=\"500\" height=\"451\" data-id=\"353\" src=\"https:\/\/krzysztofnapiorkowski.pl\/wp-content\/uploads\/2020\/06\/granie_herberta.jpg\" alt=\"\" class=\"wp-image-353\" srcset=\"https:\/\/krzysztofnapiorkowski.pl\/wp-content\/uploads\/2020\/06\/granie_herberta.jpg 500w, https:\/\/krzysztofnapiorkowski.pl\/wp-content\/uploads\/2020\/06\/granie_herberta-300x271.jpg 300w\" sizes=\"auto, (max-width: 500px) 100vw, 500px\" \/><\/figure>\n<\/figure>\n<\/div>\n<\/div>\n","protected":false},"excerpt":{"rendered":"<p>Singer, composer, pianist, organist, guitar player, songwriter, producer. As a student, Krzysztof Napi\u00f3rkowski has received numerous awards in the biggest student festivals in Poland. In 2019 he was nominated for his solo album: \u201cSemi electric\u201d to the \u201cFryderyk\u201d music award (compared to to the American Grammy and the UK\u2019s BRIT Award).&nbsp; Krzysztof has colaborated with many recognised musicians including Anna Jurksztowicz, Anna Maria Jopek, Dorota Mi\u015bkiewicz, Monika Lidke, Grzegorz Turnau, Wojciech Majewski, Micha\u0142 Jurkiewicz, Marek Napi\u00f3rkowski and Adam Strug. For 15 years Krzysztof performs and records in his native Poland and abroad. He has participated in numerous projects involving excellent musicians, hundreds of concerts, tv and radio shows and guested as co- author, singer and instrumentalist in many records. Solo discography Krzysztof Napi\u00f3rkowski has released 8 solo albums.CV (2022), Napi\u00f3rkowski \/ Mickiewicz Sonety Krymskie\u00a0(2020),\u00a0Semi electric\u00a0(2018),\u00a010 X Twardowski\u00a0(2016),\u00a0Ziemie obiecane\u00a0(2014),\u00a0Drugi oddech\u00a0(2012)\u00a0Introspekcja\u00a0(2008),\u00a0Granie Herberta\u00a0(2008). His music has recently been featured on networks, in popular radio and tv shows (i.a. \u201cPrawo Agaty\u201d) or movie (\u201cPrezent\u201d by Dominika D\u0142ugo\u0142\u0119cka).\u00a0<\/p>\n","protected":false},"author":1,"featured_media":0,"parent":0,"menu_order":0,"comment_status":"closed","ping_status":"closed","template":"","meta":{"footnotes":""},"class_list":["post-2","page","type-page","status-publish","hentry"],"acf":[],"_links":{"self":[{"href":"https:\/\/krzysztofnapiorkowski.pl\/en\/wp-json\/wp\/v2\/pages\/2","targetHints":{"allow":["GET"]}}],"collection":[{"href":"https:\/\/krzysztofnapiorkowski.pl\/en\/wp-json\/wp\/v2\/pages"}],"about":[{"href":"https:\/\/krzysztofnapiorkowski.pl\/en\/wp-json\/wp\/v2\/types\/page"}],"author":[{"embeddable":true,"href":"https:\/\/krzysztofnapiorkowski.pl\/en\/wp-json\/wp\/v2\/users\/1"}],"replies":[{"embeddable":true,"href":"https:\/\/krzysztofnapiorkowski.pl\/en\/wp-json\/wp\/v2\/comments?post=2"}],"version-history":[{"count":198,"href":"https:\/\/krzysztofnapiorkowski.pl\/en\/wp-json\/wp\/v2\/pages\/2\/revisions"}],"predecessor-version":[{"id":3692,"href":"https:\/\/krzysztofnapiorkowski.pl\/en\/wp-json\/wp\/v2\/pages\/2\/revisions\/3692"}],"wp:attachment":[{"href":"https:\/\/krzysztofnapiorkowski.pl\/en\/wp-json\/wp\/v2\/media?parent=2"}],"curies":[{"name":"wp","href":"https:\/\/api.w.org\/{rel}","templated":true}]}}