{"id":639,"date":"2021-05-12T13:00:09","date_gmt":"2021-05-12T11:00:09","guid":{"rendered":"https:\/\/krzysztofnapiorkowski.pl\/?page_id=639"},"modified":"2025-07-14T20:40:27","modified_gmt":"2025-07-14T18:40:27","slug":"sonety-krymskie","status":"publish","type":"page","link":"https:\/\/krzysztofnapiorkowski.pl\/en\/sonety-krymskie\/","title":{"rendered":"Sonety Krymskie"},"content":{"rendered":"\n<div class=\"wp-block-columns is-layout-flex wp-container-core-columns-is-layout-9d6595d7 wp-block-columns-is-layout-flex\">\n<div class=\"wp-block-column is-layout-flow wp-block-column-is-layout-flow\">\n<figure class=\"wp-block-image size-large is-resized\"><img loading=\"lazy\" decoding=\"async\" src=\"https:\/\/krzysztofnapiorkowski.pl\/wp-content\/uploads\/2020\/06\/okladka.png\" alt=\"\" class=\"wp-image-354\" width=\"400\" height=\"400\" srcset=\"https:\/\/krzysztofnapiorkowski.pl\/wp-content\/uploads\/2020\/06\/okladka.png 624w, https:\/\/krzysztofnapiorkowski.pl\/wp-content\/uploads\/2020\/06\/okladka-150x150.png 150w, https:\/\/krzysztofnapiorkowski.pl\/wp-content\/uploads\/2020\/06\/okladka-300x300.png 300w, https:\/\/krzysztofnapiorkowski.pl\/wp-content\/uploads\/2020\/06\/okladka-500x500.png 500w, https:\/\/krzysztofnapiorkowski.pl\/wp-content\/uploads\/2020\/06\/okladka-75x75.png 75w\" sizes=\"auto, (max-width: 400px) 100vw, 400px\" \/><\/figure>\n<\/div>\n\n\n\n<div class=\"wp-block-column is-vertically-aligned-top is-layout-flow wp-block-column-is-layout-flow\">\n<p>Sonety Krymskie Adama Mickiewicza i ich ponadczasowe pi\u0119kno to inspiracja do kolejnego albumu Krzysztofa Napi\u00f3rkowskiego.<\/p>\n\n\n\n<p> Osnow\u0105 p\u0142yty s\u0105 kompozycje Napi\u00f3rkowskiego za\u015bpiewane przez niego przy fortepianie. Towarzysz\u0105 mu muzycy operuj\u0105cy instrumentarium nawi\u0105zuj\u0105cym do muzyki klasycznej: fagot, klarnet basowy, flet, skrzypce, gitara, instrumenty perkusyjne, nie brak tu jednak wsp\u00f3\u0142czesnych element\u00f3w jak gitara basowa. \u201eZamys\u0142 albumu by\u0142 taki, \u017ce wyobrazi\u0142em sobie XIX &#8211; wieczny paryski salon, gdzie wieczorn\u0105 por\u0105 gromadzi si\u0119 towarzystwo, a \u015bpiewak z udzia\u0142em muzyk\u00f3w wykonuje poezj\u0119 ku uciesze i zamy\u015bleniu zebranych\u201d<\/p>\n<\/div>\n<\/div>\n\n\n\n<div class=\"wp-block-columns is-layout-flex wp-container-core-columns-is-layout-9d6595d7 wp-block-columns-is-layout-flex\">\n<div class=\"wp-block-column is-layout-flow wp-block-column-is-layout-flow\">\n<ol class=\"wp-block-list\"><li>Stepy akerma\u0144skie<\/li><li>Cisza morska<\/li><li>Burza<\/li><li>Bakczysaraj w nocy<\/li><li>Gr\u00f3b Potockiej<\/li><li>Mogi\u0142y haremu<\/li><li>Aluszta w dzie\u0144<\/li><li>Aluszta w nocy<\/li><li>Czatyrdah<\/li><li>Pielgrzym<\/li><li>G\u00f3ra Kikineis<\/li><li>Ruiny zamku w Bakalawie<\/li><\/ol>\n<\/div>\n\n\n\n<div class=\"wp-block-column is-layout-flow wp-block-column-is-layout-flow\">\n<figure class=\"wp-block-embed is-type-video is-provider-youtube wp-block-embed-youtube wp-embed-aspect-16-9 wp-has-aspect-ratio\"><div class=\"wp-block-embed__wrapper\">\n<iframe loading=\"lazy\" title=\"Krzysztof Napi\u00f3rkowski - Cisza Morska (official audio)\" width=\"960\" height=\"540\" src=\"https:\/\/www.youtube.com\/embed\/R00YGKaAbpY?feature=oembed\" frameborder=\"0\" allow=\"accelerometer; autoplay; clipboard-write; encrypted-media; gyroscope; picture-in-picture; web-share\" referrerpolicy=\"strict-origin-when-cross-origin\" allowfullscreen><\/iframe>\n<\/div><\/figure>\n<\/div>\n<\/div>\n","protected":false},"excerpt":{"rendered":"<p>Sonety Krymskie Adama Mickiewicza i ich ponadczasowe pi\u0119kno to inspiracja do kolejnego albumu Krzysztofa Napi\u00f3rkowskiego. Osnow\u0105 p\u0142yty s\u0105 kompozycje Napi\u00f3rkowskiego za\u015bpiewane przez niego przy fortepianie. Towarzysz\u0105 mu muzycy operuj\u0105cy instrumentarium nawi\u0105zuj\u0105cym do muzyki klasycznej: fagot, klarnet basowy, flet, skrzypce, gitara, instrumenty perkusyjne, nie brak tu jednak wsp\u00f3\u0142czesnych element\u00f3w jak gitara basowa. \u201eZamys\u0142 albumu by\u0142 taki, \u017ce wyobrazi\u0142em sobie XIX &#8211; wieczny paryski salon, gdzie wieczorn\u0105 por\u0105 gromadzi si\u0119 towarzystwo, a \u015bpiewak z udzia\u0142em muzyk\u00f3w wykonuje poezj\u0119 ku uciesze i zamy\u015bleniu zebranych\u201d Stepy akerma\u0144skie Cisza morska Burza Bakczysaraj w nocy Gr\u00f3b Potockiej Mogi\u0142y haremu Aluszta w dzie\u0144 Aluszta w nocy Czatyrdah Pielgrzym G\u00f3ra Kikineis Ruiny zamku w Bakalawie<\/p>\n","protected":false},"author":1,"featured_media":0,"parent":0,"menu_order":0,"comment_status":"closed","ping_status":"closed","template":"","meta":{"footnotes":""},"class_list":["post-639","page","type-page","status-publish","hentry"],"acf":[],"_links":{"self":[{"href":"https:\/\/krzysztofnapiorkowski.pl\/en\/wp-json\/wp\/v2\/pages\/639","targetHints":{"allow":["GET"]}}],"collection":[{"href":"https:\/\/krzysztofnapiorkowski.pl\/en\/wp-json\/wp\/v2\/pages"}],"about":[{"href":"https:\/\/krzysztofnapiorkowski.pl\/en\/wp-json\/wp\/v2\/types\/page"}],"author":[{"embeddable":true,"href":"https:\/\/krzysztofnapiorkowski.pl\/en\/wp-json\/wp\/v2\/users\/1"}],"replies":[{"embeddable":true,"href":"https:\/\/krzysztofnapiorkowski.pl\/en\/wp-json\/wp\/v2\/comments?post=639"}],"version-history":[{"count":13,"href":"https:\/\/krzysztofnapiorkowski.pl\/en\/wp-json\/wp\/v2\/pages\/639\/revisions"}],"predecessor-version":[{"id":3517,"href":"https:\/\/krzysztofnapiorkowski.pl\/en\/wp-json\/wp\/v2\/pages\/639\/revisions\/3517"}],"wp:attachment":[{"href":"https:\/\/krzysztofnapiorkowski.pl\/en\/wp-json\/wp\/v2\/media?parent=639"}],"curies":[{"name":"wp","href":"https:\/\/api.w.org\/{rel}","templated":true}]}}